{"id":18617,"date":"2022-04-07T14:35:21","date_gmt":"2022-04-07T12:35:21","guid":{"rendered":"https:\/\/perskindol.mediagood.ch\/?page_id=18617"},"modified":"2024-05-03T15:37:59","modified_gmt":"2024-05-03T13:37:59","slug":"impressum","status":"publish","type":"page","link":"https:\/\/perskindol.ch\/fr\/impressum\/","title":{"rendered":"Impressum"},"content":{"rendered":"\t\t<div data-elementor-type=\"wp-page\" data-elementor-id=\"18617\" class=\"elementor elementor-18617\" data-elementor-post-type=\"page\">\n\t\t\t\t\t\t<section class=\"elementor-section elementor-top-section elementor-element elementor-element-1ba45c89 elementor-section-boxed elementor-section-height-default elementor-section-height-default\" data-id=\"1ba45c89\" data-element_type=\"section\" data-e-type=\"section\" data-settings=\"{&quot;jet_parallax_layout_list&quot;:[{&quot;jet_parallax_layout_image&quot;:{&quot;url&quot;:&quot;&quot;,&quot;id&quot;:&quot;&quot;,&quot;size&quot;:&quot;&quot;},&quot;_id&quot;:&quot;f08b4af&quot;,&quot;jet_parallax_layout_image_tablet&quot;:{&quot;url&quot;:&quot;&quot;,&quot;id&quot;:&quot;&quot;,&quot;size&quot;:&quot;&quot;},&quot;jet_parallax_layout_image_mobile&quot;:{&quot;url&quot;:&quot;&quot;,&quot;id&quot;:&quot;&quot;,&quot;size&quot;:&quot;&quot;},&quot;jet_parallax_layout_speed&quot;:{&quot;unit&quot;:&quot;%&quot;,&quot;size&quot;:50,&quot;sizes&quot;:[]},&quot;jet_parallax_layout_type&quot;:&quot;scroll&quot;,&quot;jet_parallax_layout_direction&quot;:&quot;1&quot;,&quot;jet_parallax_layout_fx_direction&quot;:null,&quot;jet_parallax_layout_z_index&quot;:&quot;&quot;,&quot;jet_parallax_layout_bg_x&quot;:50,&quot;jet_parallax_layout_bg_x_tablet&quot;:&quot;&quot;,&quot;jet_parallax_layout_bg_x_mobile&quot;:&quot;&quot;,&quot;jet_parallax_layout_bg_y&quot;:50,&quot;jet_parallax_layout_bg_y_tablet&quot;:&quot;&quot;,&quot;jet_parallax_layout_bg_y_mobile&quot;:&quot;&quot;,&quot;jet_parallax_layout_bg_size&quot;:&quot;auto&quot;,&quot;jet_parallax_layout_bg_size_tablet&quot;:&quot;&quot;,&quot;jet_parallax_layout_bg_size_mobile&quot;:&quot;&quot;,&quot;jet_parallax_layout_animation_prop&quot;:&quot;transform&quot;,&quot;jet_parallax_layout_on&quot;:[&quot;desktop&quot;,&quot;tablet&quot;]}]}\">\n\t\t\t\t\t\t<div class=\"elementor-container elementor-column-gap-default\">\n\t\t\t\t\t<div class=\"elementor-column elementor-col-100 elementor-top-column elementor-element elementor-element-7417261c\" data-id=\"7417261c\" data-element_type=\"column\" data-e-type=\"column\">\n\t\t\t<div class=\"elementor-widget-wrap elementor-element-populated\">\n\t\t\t\t\t\t<div class=\"elementor-element elementor-element-4a2f02f elementor-widget elementor-widget-heading\" data-id=\"4a2f02f\" data-element_type=\"widget\" data-e-type=\"widget\" data-widget_type=\"heading.default\">\n\t\t\t\t<div class=\"elementor-widget-container\">\n\t\t\t\t\t<h2 class=\"elementor-heading-title elementor-size-default\">Verfora SA<\/h2>\t\t\t\t<\/div>\n\t\t\t\t<\/div>\n\t\t\t\t<div class=\"elementor-element elementor-element-119cb95b elementor-widget elementor-widget-text-editor\" data-id=\"119cb95b\" data-element_type=\"widget\" data-e-type=\"widget\" data-widget_type=\"text-editor.default\">\n\t\t\t\t<div class=\"elementor-widget-container\">\n\t\t\t\t\t\t\t\t\t<p>Route de Moncor 12<br \/>CH-1752 Villars-sur-Gl\u00e2ne<\/p><p>+41 58 851 93 00<\/p><p><a href=\"mailto:info@verfora.ch\">info@verfora.ch<\/a><\/p><p>Le contenu du site web est la propri\u00e9t\u00e9 de <a href=\"https:\/\/www.verfora.ch\/fr\/\" target=\"_blank\" rel=\"noopener\">Verfora SA<\/a>. L\u2019utilisation ult\u00e9rieure de textes et d\u2019images sans autorisation est interdite. Verfora n\u2019assume aucune responsabilit\u00e9 pour les donn\u00e9es copi\u00e9es \u00e0 partir du site web.<\/p>\t\t\t\t\t\t\t\t<\/div>\n\t\t\t\t<\/div>\n\t\t\t\t\t<\/div>\n\t\t<\/div>\n\t\t\t\t\t<\/div>\n\t\t<\/section>\n\t\t\t\t<\/div>\n\t\t","protected":false},"excerpt":{"rendered":"<p>Verfora SA Route de Moncor 12CH-1752 Villars-sur-Gl\u00e2ne +41 58 851 93 00 info@verfora.ch Le contenu du site web est la propri\u00e9t\u00e9 de Verfora SA. L\u2019utilisation ult\u00e9rieure de textes et d\u2019images sans autorisation est interdite. Verfora n\u2019assume aucune responsabilit\u00e9 pour les donn\u00e9es copi\u00e9es \u00e0 partir du site web.<\/p>\n","protected":false},"author":1,"featured_media":0,"parent":0,"menu_order":5,"comment_status":"closed","ping_status":"closed","template":"","meta":{"footnotes":""},"class_list":["post-18617","page","type-page","status-publish","hentry"],"_links":{"self":[{"href":"https:\/\/perskindol.ch\/fr\/wp-json\/wp\/v2\/pages\/18617","targetHints":{"allow":["GET"]}}],"collection":[{"href":"https:\/\/perskindol.ch\/fr\/wp-json\/wp\/v2\/pages"}],"about":[{"href":"https:\/\/perskindol.ch\/fr\/wp-json\/wp\/v2\/types\/page"}],"author":[{"embeddable":true,"href":"https:\/\/perskindol.ch\/fr\/wp-json\/wp\/v2\/users\/1"}],"replies":[{"embeddable":true,"href":"https:\/\/perskindol.ch\/fr\/wp-json\/wp\/v2\/comments?post=18617"}],"version-history":[{"count":10,"href":"https:\/\/perskindol.ch\/fr\/wp-json\/wp\/v2\/pages\/18617\/revisions"}],"predecessor-version":[{"id":27028,"href":"https:\/\/perskindol.ch\/fr\/wp-json\/wp\/v2\/pages\/18617\/revisions\/27028"}],"wp:attachment":[{"href":"https:\/\/perskindol.ch\/fr\/wp-json\/wp\/v2\/media?parent=18617"}],"curies":[{"name":"wp","href":"https:\/\/api.w.org\/{rel}","templated":true}]}}