{"id":19916,"date":"2022-04-07T14:35:21","date_gmt":"2022-04-07T12:35:21","guid":{"rendered":"https:\/\/perskindol.mediagood.ch\/impressum\/"},"modified":"2024-09-02T10:33:46","modified_gmt":"2024-09-02T08:33:46","slug":"impressum","status":"publish","type":"page","link":"https:\/\/perskindol.ch\/it\/colophon\/","title":{"rendered":"Colophon"},"content":{"rendered":"\t\t<div data-elementor-type=\"wp-page\" data-elementor-id=\"19916\" class=\"elementor elementor-19916 elementor-18617\" data-elementor-post-type=\"page\">\n\t\t\t\t\t\t<section class=\"elementor-section elementor-top-section elementor-element elementor-element-1ba45c89 elementor-section-boxed elementor-section-height-default elementor-section-height-default\" data-id=\"1ba45c89\" data-element_type=\"section\" data-e-type=\"section\" data-settings=\"{&quot;jet_parallax_layout_list&quot;:[{&quot;jet_parallax_layout_image&quot;:{&quot;url&quot;:&quot;&quot;,&quot;id&quot;:&quot;&quot;,&quot;size&quot;:&quot;&quot;},&quot;_id&quot;:&quot;f08b4af&quot;,&quot;jet_parallax_layout_image_tablet&quot;:{&quot;url&quot;:&quot;&quot;,&quot;id&quot;:&quot;&quot;,&quot;size&quot;:&quot;&quot;},&quot;jet_parallax_layout_image_mobile&quot;:{&quot;url&quot;:&quot;&quot;,&quot;id&quot;:&quot;&quot;,&quot;size&quot;:&quot;&quot;},&quot;jet_parallax_layout_speed&quot;:{&quot;unit&quot;:&quot;%&quot;,&quot;size&quot;:50,&quot;sizes&quot;:[]},&quot;jet_parallax_layout_type&quot;:&quot;scroll&quot;,&quot;jet_parallax_layout_direction&quot;:&quot;1&quot;,&quot;jet_parallax_layout_fx_direction&quot;:null,&quot;jet_parallax_layout_z_index&quot;:&quot;&quot;,&quot;jet_parallax_layout_bg_x&quot;:50,&quot;jet_parallax_layout_bg_x_tablet&quot;:&quot;&quot;,&quot;jet_parallax_layout_bg_x_mobile&quot;:&quot;&quot;,&quot;jet_parallax_layout_bg_y&quot;:50,&quot;jet_parallax_layout_bg_y_tablet&quot;:&quot;&quot;,&quot;jet_parallax_layout_bg_y_mobile&quot;:&quot;&quot;,&quot;jet_parallax_layout_bg_size&quot;:&quot;auto&quot;,&quot;jet_parallax_layout_bg_size_tablet&quot;:&quot;&quot;,&quot;jet_parallax_layout_bg_size_mobile&quot;:&quot;&quot;,&quot;jet_parallax_layout_animation_prop&quot;:&quot;transform&quot;,&quot;jet_parallax_layout_on&quot;:[&quot;desktop&quot;,&quot;tablet&quot;]}]}\">\n\t\t\t\t\t\t<div class=\"elementor-container elementor-column-gap-default\">\n\t\t\t\t\t<div class=\"elementor-column elementor-col-100 elementor-top-column elementor-element elementor-element-7417261c\" data-id=\"7417261c\" data-element_type=\"column\" data-e-type=\"column\">\n\t\t\t<div class=\"elementor-widget-wrap elementor-element-populated\">\n\t\t\t\t\t\t<div class=\"elementor-element elementor-element-4a2f02f elementor-widget elementor-widget-heading\" data-id=\"4a2f02f\" data-element_type=\"widget\" data-e-type=\"widget\" data-widget_type=\"heading.default\">\n\t\t\t\t<div class=\"elementor-widget-container\">\n\t\t\t\t\t<h2 class=\"elementor-heading-title elementor-size-default\">Verfora SA<\/h2>\t\t\t\t<\/div>\n\t\t\t\t<\/div>\n\t\t\t\t<div class=\"elementor-element elementor-element-119cb95b elementor-widget elementor-widget-text-editor\" data-id=\"119cb95b\" data-element_type=\"widget\" data-e-type=\"widget\" data-widget_type=\"text-editor.default\">\n\t\t\t\t<div class=\"elementor-widget-container\">\n\t\t\t\t\t\t\t\t\t<p>Route de Moncor 12<br \/>CH-1752 Villars-sur-Gl\u00e2ne<\/p><p>+41 58 851 93 00<\/p><p><a href=\"mailto:info@verfora.ch\">info@verfora.ch<\/a><\/p><p>Il contenuto del sito web \u00e8 di propriet\u00e0 di <a href=\"https:\/\/www.verfora.ch\/it\/\" target=\"_blank\" rel=\"noopener\">Verfora SA<\/a>. \u00c8 vietato l\u2019ulteriore utilizzo di testi e immagini senza autorizzazione. Verfora non si assume alcuna responsabilit\u00e0 per i dati copiati dal sito web.<\/p>\t\t\t\t\t\t\t\t<\/div>\n\t\t\t\t<\/div>\n\t\t\t\t\t<\/div>\n\t\t<\/div>\n\t\t\t\t\t<\/div>\n\t\t<\/section>\n\t\t\t\t<\/div>\n\t\t","protected":false},"excerpt":{"rendered":"<p>Verfora SA Route de Moncor 12CH-1752 Villars-sur-Gl\u00e2ne +41 58 851 93 00 info@verfora.ch Il contenuto del sito web \u00e8 di propriet\u00e0 di Verfora SA. \u00c8 vietato l\u2019ulteriore utilizzo di testi e immagini senza autorizzazione. Verfora non si assume alcuna responsabilit\u00e0 per i dati copiati dal sito web.<\/p>\n","protected":false},"author":1,"featured_media":0,"parent":0,"menu_order":5,"comment_status":"closed","ping_status":"closed","template":"","meta":{"footnotes":""},"class_list":["post-19916","page","type-page","status-publish","hentry"],"_links":{"self":[{"href":"https:\/\/perskindol.ch\/it\/wp-json\/wp\/v2\/pages\/19916","targetHints":{"allow":["GET"]}}],"collection":[{"href":"https:\/\/perskindol.ch\/it\/wp-json\/wp\/v2\/pages"}],"about":[{"href":"https:\/\/perskindol.ch\/it\/wp-json\/wp\/v2\/types\/page"}],"author":[{"embeddable":true,"href":"https:\/\/perskindol.ch\/it\/wp-json\/wp\/v2\/users\/1"}],"replies":[{"embeddable":true,"href":"https:\/\/perskindol.ch\/it\/wp-json\/wp\/v2\/comments?post=19916"}],"version-history":[{"count":9,"href":"https:\/\/perskindol.ch\/it\/wp-json\/wp\/v2\/pages\/19916\/revisions"}],"predecessor-version":[{"id":27068,"href":"https:\/\/perskindol.ch\/it\/wp-json\/wp\/v2\/pages\/19916\/revisions\/27068"}],"wp:attachment":[{"href":"https:\/\/perskindol.ch\/it\/wp-json\/wp\/v2\/media?parent=19916"}],"curies":[{"name":"wp","href":"https:\/\/api.w.org\/{rel}","templated":true}]}}